{"id":963,"date":"2018-12-03T14:16:53","date_gmt":"2018-12-03T13:16:53","guid":{"rendered":"http:\/\/lherbalie.org\/?page_id=963"},"modified":"2024-07-23T13:46:21","modified_gmt":"2024-07-23T11:46:21","slug":"one-page-express","status":"publish","type":"page","link":"https:\/\/lherbalie.org\/","title":{"rendered":"Front Page"},"content":{"rendered":"<div id=\"a-propos\" class=\"about-big-images-section\" style=\"background-color: #ffffff;\" data-label=\"A PROPOS\" data-id=\"about-big-images-section\" data-category=\"about\">\n<div class=\"\">\n<div class=\"about-big-images-textrow\"><\/div>\n<\/div>\n<\/div>\n<div data-type=\"column\"><\/div>\n<h2 style=\"text-align: center;\">LA BIENVENUE<\/h2>\n<h2 style=\"text-align: center;\">J&rsquo;ai cr\u00e9\u00e9 L&rsquo;Herbalie pour partager et transmettre mes valeurs autour de la SANT\u00c9 :<\/h2>\n<h2 style=\"text-align: center;\">L&rsquo;alimentation &amp; le je\u00fbne<\/h2>\n<h2 style=\"text-align: center;\">Le mouvement corporel<\/h2>\n<h2 style=\"text-align: center;\">Le dialogue int\u00e9rieur<\/h2>\n<a href=\"http:\/\/lherbalie.org\/?attachment_id=1671\" rel=\"attachment wp-att-1671\"><img loading=\"lazy\" decoding=\"async\" class=\"wp-image-1671 aligncenter\" src=\"http:\/\/lherbalie.org\/wp-content\/uploads\/2022\/08\/photo-groupe.jpg\" alt=\"\" width=\"672\" height=\"504\" srcset=\"https:\/\/lherbalie.org\/wp-content\/uploads\/2022\/08\/photo-groupe.jpg 4032w, https:\/\/lherbalie.org\/wp-content\/uploads\/2022\/08\/photo-groupe-300x225.jpg 300w, https:\/\/lherbalie.org\/wp-content\/uploads\/2022\/08\/photo-groupe-768x576.jpg 768w, https:\/\/lherbalie.org\/wp-content\/uploads\/2022\/08\/photo-groupe-1024x768.jpg 1024w, https:\/\/lherbalie.org\/wp-content\/uploads\/2022\/08\/photo-groupe-1440x1080.jpg 1440w, https:\/\/lherbalie.org\/wp-content\/uploads\/2022\/08\/photo-groupe-1320x990.jpg 1320w\" sizes=\"(max-width: 672px) 100vw, 672px\" \/><\/a>\n<div style=\"text-align: center;\" data-type=\"column\">Octobre 2019, S\u00e9jour je\u00fbne et d\u00e9tox en\u00a0 Ard\u00e8che<\/div>\n<div data-type=\"column\"><\/div>\n<div data-type=\"column\"><\/div>\n<h3 style=\"text-align: center;\" data-type=\"column\">Vous trouverez sur ce site l&rsquo;essentiel des informations pratiques. Pour de plus amples renseignements, je vous invite \u00e0 m&rsquo;envoyer un SMS au 06 14 85 51 31<\/h3>\n<div data-type=\"column\"><\/div>\n<h2 style=\"text-align: center;\" data-type=\"column\"><strong>BELLE VISITE<\/strong><\/h2>\n<div id=\"a-propos\" class=\"about-big-images-section\" style=\"background-color: #ffffff;\" data-label=\"A PROPOS\" data-id=\"about-big-images-section\" data-category=\"about\">\n<p style=\"text-align: center;\">\u2026\u2026\u2026\u2026\u2026\u2026<\/p>\n\n<\/div>\n<div id=\"a-propos\" class=\"about-big-images-section\" style=\"background-color: #ffffff;\" data-label=\"A PROPOS\" data-id=\"about-big-images-section\" data-category=\"about\">\n<div class=\"about-big-images-bottomrow\" style=\"text-align: center;\">\n<div class=\"about-big-images-leftimgcol\"><img loading=\"lazy\" decoding=\"async\" class=\"about-big-images-leftimg\" src=\"http:\/\/lherbalie.org\/wp-content\/uploads\/2018\/12\/gaelle-marcel-563201-unsplash.jpg\" width=\"155\" height=\"232\" \/><\/div>\n<div class=\"about-big-images-centerimgcol\"><img loading=\"lazy\" decoding=\"async\" class=\"about-big-images-centerimg\" src=\"http:\/\/lherbalie.org\/wp-content\/uploads\/2018\/12\/edgar-castrejon-459822-unsplash.jpg\" width=\"161\" height=\"201\" \/><\/div>\n<div class=\"about-big-images-rightimgcol\"><img loading=\"lazy\" decoding=\"async\" class=\"about-big-images-rightimg\" src=\"http:\/\/lherbalie.org\/wp-content\/uploads\/2018\/12\/christin-hume-505815-unsplash.jpg\" width=\"198\" height=\"132\" \/><\/div>\n<\/div>\n<div style=\"text-align: center;\"><\/div>\n<\/div>\n<div id=\"recommandations\" class=\"testimonials-boxed-section\" style=\"background-color: #f6f6f6;\" data-label=\"Recommandations\" data-id=\"testimonials-boxed-section\" data-category=\"testimonials\">\n<div class=\"gridContainer\">\n<div class=\"testimonials-boxed-textcol dynamic-color\" style=\"text-align: center;\" data-type=\"column\">\n<h2 class=\"\">Ce qu\u2019ils en disent \u2026<\/h2>\n<\/div>\n<div class=\"testimonials-boxed-itemsrow dark-text\" data-type=\"row\">\n<div class=\"testimonials-boxed-itemcol cp6cols-tablet cp3cols\" style=\"text-align: center;\">\n<div class=\"testimonials-boxed-itemcard\" data-type=\"column\">\n<p class=\"testimonials-boxed-itemtext\">\u00ab Quelle exp\u00e9rience !! J\u2019ai pu vivre deux exp\u00e9riences de je\u00fbne qui m\u2019ont fait le plus grand bien tant au plan physique que mental. Je signe pour un abonnement semestriel et je remercie Leslie pour tous ses conseils dans cette merveilleuse aventure d\u2019\u00e9coute et de reconnexion \u00e0 soi ! \u00bb<\/p>\n<p class=\"\"><img loading=\"lazy\" decoding=\"async\" class=\"testimonials-boxed-itemimg\" src=\"http:\/\/lherbalie.org\/wp-content\/uploads\/2019\/02\/cropped-sophie-jardin-1.jpg\" width=\"253\" height=\"253\" data-size=\"500x500\" \/><\/p>\n\n<h5 class=\"testimonials-boxed-itemname\">Sophie<\/h5>\n<\/div>\n<\/div>\n<div class=\"testimonials-boxed-itemcol cp6cols-tablet cp3cols\" style=\"text-align: center;\">\n<div class=\"testimonials-boxed-itemcard\" data-type=\"column\">\n<p class=\"testimonials-boxed-itemtext\">\u00a0\u00a0\u00bb \u00c0 ma propre surprise, j\u2019y suis revenu quatre fois. J\u2019ai red\u00e9couvert mon rapport aux autres \u00e0 moi-m\u00eame ; et distingu\u00e9 \u00ab manger \u00bb, de \u00ab se nourrir \u00bb. Je n\u2019aurai pas r\u00eav\u00e9 meilleure rencontre. Gratitude infinie. Merci Leslie. \u00bb<\/p>\n<p class=\"\"><img loading=\"lazy\" decoding=\"async\" class=\"testimonials-boxed-itemimg\" src=\"http:\/\/lherbalie.org\/wp-content\/uploads\/2019\/03\/cropped-Profil.jpg\" width=\"284\" height=\"284\" data-size=\"500x500\" \/><\/p>\n\n<h5 class=\"testimonials-boxed-itemname\">Valentin<\/h5>\n<\/div>\n<\/div>\n<div class=\"testimonials-boxed-itemcol cp6cols-tablet cp3cols\" style=\"text-align: center;\">\n<div class=\"testimonials-boxed-itemcard\" data-type=\"column\">\n<p class=\"testimonials-boxed-itemtext\">\u00a0J\u2019ai \u00e9t\u00e9 tr\u00e8s impressionn\u00e9e par sa maitrise des gestes et sa capacit\u00e9 d\u2019aller puiser\ndans plusieurs styles de massage. J\u2019ai v\u00e9cu une exp\u00e9rience tr\u00e8s forte, un vrai voyage en harmonie entre douceur et force pour atteindre un profond l\u00e2cher prise\u2026\u00a0\u00bb<\/p>\n<p class=\"\"><img loading=\"lazy\" decoding=\"async\" class=\"testimonials-boxed-itemimg\" src=\"http:\/\/lherbalie.org\/wp-content\/uploads\/2019\/02\/cropped-rose-d.jpg\" width=\"288\" height=\"288\" data-size=\"500x500\" \/><\/p>\n\n<h5 class=\"testimonials-boxed-itemname\">Rose<\/h5>\n<\/div>\n<\/div>\n<div class=\"testimonials-boxed-itemcol cp6cols-tablet cp3cols\">\n<div class=\"testimonials-boxed-itemcard\" data-type=\"column\">\n<p class=\"testimonials-boxed-itemtext\" style=\"text-align: center;\">\u00ab J\u2019ai fait 3 je\u00fbnes avec Leslie, toujours avec grand plaisir !\nQuelles d\u00e9couvertes sur moi et sur ma fa\u00e7on de me nourrir !!!\nL\u2019accompagnement de Leslie et du groupe ont \u00e9t\u00e9 vraiment porteurs.\nCe fut une r\u00e9v\u00e9lation qui m\u2019a incit\u00e9e \u00e0 modifier de nombreuses choses dans ma vie.<\/p>\n<p class=\"\" style=\"text-align: center;\"><img decoding=\"async\" class=\"testimonials-boxed-itemimg\" src=\"http:\/\/lherbalie.org\/wp-content\/uploads\/2019\/02\/luce.jpg\" data-size=\"500x500\" \/><\/p>\n\n<h5 class=\"testimonials-boxed-itemname\" style=\"text-align: center;\">Luce<\/h5>\n<\/div>\n<\/div>\n<\/div>\n<\/div>\n<\/div>","protected":false},"excerpt":{"rendered":"<p>LA BIENVENUE J&rsquo;ai cr\u00e9\u00e9 L&rsquo;Herbalie pour partager et transmettre mes valeurs autour de la SANT\u00c9 : L&rsquo;alimentation &amp; le je\u00fbne Le mouvement corporel Le dialogue int\u00e9rieur Octobre 2019, S\u00e9jour je\u00fbne et d\u00e9tox en\u00a0 Ard\u00e8che Vous trouverez sur ce site l&rsquo;essentiel des informations pratiques. Pour de plus amples renseignements, je vous invite \u00e0 m&rsquo;envoyer un SMS&hellip; <br \/> <a class=\"button small blue\" href=\"https:\/\/lherbalie.org\/?p=2200\">Lire la suite<\/a><\/p>\n","protected":false},"author":1,"featured_media":0,"parent":0,"menu_order":0,"comment_status":"closed","ping_status":"closed","template":"","meta":{"footnotes":""},"_links":{"self":[{"href":"https:\/\/lherbalie.org\/index.php?rest_route=\/wp\/v2\/pages\/963"}],"collection":[{"href":"https:\/\/lherbalie.org\/index.php?rest_route=\/wp\/v2\/pages"}],"about":[{"href":"https:\/\/lherbalie.org\/index.php?rest_route=\/wp\/v2\/types\/page"}],"author":[{"embeddable":true,"href":"https:\/\/lherbalie.org\/index.php?rest_route=\/wp\/v2\/users\/1"}],"replies":[{"embeddable":true,"href":"https:\/\/lherbalie.org\/index.php?rest_route=%2Fwp%2Fv2%2Fcomments&post=963"}],"version-history":[{"count":113,"href":"https:\/\/lherbalie.org\/index.php?rest_route=\/wp\/v2\/pages\/963\/revisions"}],"predecessor-version":[{"id":2135,"href":"https:\/\/lherbalie.org\/index.php?rest_route=\/wp\/v2\/pages\/963\/revisions\/2135"}],"wp:attachment":[{"href":"https:\/\/lherbalie.org\/index.php?rest_route=%2Fwp%2Fv2%2Fmedia&parent=963"}],"curies":[{"name":"wp","href":"https:\/\/api.w.org\/{rel}","templated":true}]}}