{"id":76,"date":"2018-03-05T12:48:50","date_gmt":"2018-03-05T11:48:50","guid":{"rendered":"http:\/\/lherbalie.org\/?page_id=76"},"modified":"2022-09-15T15:46:04","modified_gmt":"2022-09-15T13:46:04","slug":"inspirations-ressources-et-gratitudes","status":"publish","type":"page","link":"https:\/\/lherbalie.org\/?page_id=76","title":{"rendered":"RESSOURCES"},"content":{"rendered":"<p><img loading=\"lazy\" decoding=\"async\" class=\" wp-image-1067 aligncenter\" src=\"http:\/\/lherbalie.org\/wp-content\/uploads\/2018\/12\/ressources-300x225.jpg\" alt=\"\" width=\"387\" height=\"290\" srcset=\"https:\/\/lherbalie.org\/wp-content\/uploads\/2018\/12\/ressources-300x225.jpg 300w, https:\/\/lherbalie.org\/wp-content\/uploads\/2018\/12\/ressources-768x576.jpg 768w, https:\/\/lherbalie.org\/wp-content\/uploads\/2018\/12\/ressources.jpg 800w\" sizes=\"(max-width: 387px) 100vw, 387px\" \/><\/p>\n<h2><strong>LES MAITRES<br \/>\n<\/strong><\/h2>\n<p><strong><em>S.N. Goenka<\/em> \u00a0 \u00a0 \u00a0 \u00a0 \u00a0 \u00a0 \u00a0\u00a0 M\u00e9ditation Vipassana<\/strong><\/p>\n<p><strong><em>B.K.S. Iyengar<\/em> \u00a0 \u00a0 \u00a0 \u00a0 \u00a0 \u00a0 Yoga<\/strong><\/p>\n<p><strong><em>Moriei Ueshiba<\/em> \u00a0 \u00a0 \u00a0 \u00a0 \u00a0 A\u00efkido<\/strong><\/p>\n<p><strong><em>Mantak Chia \u00a0 \u00a0 \u00a0 \u00a0 \u00a0 \u00a0 \u00a0\u00a0<\/em> Massages\/Tao<\/strong><\/p>\n<h2><\/h2>\n<h2><strong>COACHS &#8211; GUIDES &#8211; ENSEIGNANTS<br \/>\n<\/strong><\/h2>\n<p>Jean-Luc Armenico &amp; Simon Burtin : <strong>A\u00efkido<\/strong><\/p>\n<p>Dominique Percy, Dominique Bishop, Christophe Tissot, Rajiv &amp; Swati : <strong>Yoga Iyengar<\/strong><\/p>\n<p>Lise Rodien : <strong>M\u00e9ditation Vipassana et Communication bienveillante<\/strong><\/p>\n<p>Alyna Rouelle, Simone Esther, Ir\u00e8ne Grosjean, Gr\u00e9goire Jauvais, Isabelle Lecoq, Thierry Casanovas :\u00a0 <strong>Alimentation et naturopathie<\/strong><\/p>\n<p>Laurence Demuyter : <strong>M\u00e9decine chinoise<\/strong><\/p>\n<p>Pichest Boothume : <strong>Massages, touchers et ressentis<\/strong><\/p>\n<p>Fanny de l&rsquo;Arbre sonore : <strong>Sons &amp; tambour<br \/>\n<\/strong><\/p>\n<p>Nathalie Mann, Todd Legler &amp; bien d&rsquo;autres&#8230;<strong> pour le Tango argentin<\/strong><\/p>\n<p>Aur\u00e9lie Montin : <strong>Sommeil &amp; dialogue int\u00e9rieur<\/strong><\/p>\n<p>St\u00e9phane Chauplannaz, Gr\u00e9gory Lemoine, Antoine Talin et Charlotte Plaideau\u00a0 pour leur approche et leur contribution \u00e0 la richesse du <strong>monde v\u00e9g\u00e9tal!<\/strong><\/p>\n<h2><strong>LES AUTEURS<br \/>\n<\/strong><\/h2>\n<p>Janine Fontaine<\/p>\n<p>Thomas d&rsquo;Asembourg<\/p>\n<p>Corinne Sombrun<\/p>\n<p>Eiji Yoshikawa<\/p>\n<p>Daniel Odier<\/p>\n<p>Deepak Chopra<\/p>\n<p>Don Miguel Ruiz<\/p>\n<p>J.M. Auel<\/p>\n<p>J.M. Pelt<\/p>\n<p>Marlo Morgane<\/p>\n<p>Neale Donald Walsch<\/p>\n<p>Henri Gougaud<\/p>\n<p>Eckart Tolle<\/p>\n<p>Rudolf Steiner<\/p>\n<p>Luis Ansa<\/p>\n","protected":false},"excerpt":{"rendered":"<p>LES MAITRES S.N. Goenka \u00a0 \u00a0 \u00a0 \u00a0 \u00a0 \u00a0 \u00a0\u00a0 M\u00e9ditation Vipassana B.K.S. Iyengar \u00a0 \u00a0 \u00a0 \u00a0 \u00a0 \u00a0 Yoga Moriei Ueshiba \u00a0 \u00a0 \u00a0 \u00a0 \u00a0 A\u00efkido Mantak Chia \u00a0 \u00a0 \u00a0 \u00a0 \u00a0 \u00a0 \u00a0\u00a0 Massages\/Tao COACHS &#8211; GUIDES &#8211; ENSEIGNANTS Jean-Luc Armenico &amp; Simon Burtin : A\u00efkido Dominique Percy, Dominique&hellip; <br \/> <a class=\"button small blue\" href=\"https:\/\/lherbalie.org\/?page_id=76\">Lire la suite<\/a><\/p>\n","protected":false},"author":1,"featured_media":0,"parent":0,"menu_order":0,"comment_status":"closed","ping_status":"closed","template":"","meta":{"footnotes":""},"_links":{"self":[{"href":"https:\/\/lherbalie.org\/index.php?rest_route=\/wp\/v2\/pages\/76"}],"collection":[{"href":"https:\/\/lherbalie.org\/index.php?rest_route=\/wp\/v2\/pages"}],"about":[{"href":"https:\/\/lherbalie.org\/index.php?rest_route=\/wp\/v2\/types\/page"}],"author":[{"embeddable":true,"href":"https:\/\/lherbalie.org\/index.php?rest_route=\/wp\/v2\/users\/1"}],"replies":[{"embeddable":true,"href":"https:\/\/lherbalie.org\/index.php?rest_route=%2Fwp%2Fv2%2Fcomments&post=76"}],"version-history":[{"count":38,"href":"https:\/\/lherbalie.org\/index.php?rest_route=\/wp\/v2\/pages\/76\/revisions"}],"predecessor-version":[{"id":1745,"href":"https:\/\/lherbalie.org\/index.php?rest_route=\/wp\/v2\/pages\/76\/revisions\/1745"}],"wp:attachment":[{"href":"https:\/\/lherbalie.org\/index.php?rest_route=%2Fwp%2Fv2%2Fmedia&parent=76"}],"curies":[{"name":"wp","href":"https:\/\/api.w.org\/{rel}","templated":true}]}}