{"id":2092,"date":"2024-05-06T15:31:21","date_gmt":"2024-05-06T13:31:21","guid":{"rendered":"http:\/\/lherbalie.org\/?page_id=2092"},"modified":"2025-04-04T11:27:21","modified_gmt":"2025-04-04T09:27:21","slug":"formations-parcours","status":"publish","type":"page","link":"https:\/\/lherbalie.org\/?page_id=2092","title":{"rendered":"Parcours"},"content":{"rendered":"\n<h2 class=\"wp-block-heading\">Dipl\u00f4mes ET Certifications<\/h2>\n\n\n\n<p><\/p>\n\n\n\n<p><strong>Sapeur pompier volontaire<\/strong>, P\u00e9lissanne, 2003<\/p>\n\n\n\n<p><strong>Infirmi\u00e8re<\/strong>, H\u00f4pitaux de Marseille, 2005<\/p>\n\n\n\n<p><strong>Massages et Soins<\/strong>, 2013<\/p>\n\n\n\n<div class=\"wp-block-group is-layout-constrained wp-block-group-is-layout-constrained\"><div class=\"wp-block-group__inner-container\">\n<div class=\"wp-block-group is-vertical is-layout-flex wp-container-core-group-layout-1 wp-block-group-is-layout-flex\">\n<p>Tha\u00ef Yoga Massage et Ayurv\u00e9dic massage, Goa, Inde<\/p>\n\n\n\n<p>Tha\u00ef Massage, Chang Mai, Pichest Boothume<\/p>\n\n\n\n<p>Chi Nei Tsang massage, soin des organes du ventre, Chang Mai, Mantak Chia<\/p>\n\n\n\n<p>Recreation &amp; Sport Medecine, anatomie par le mouvement, Chang Mai<\/p>\n<\/div>\n<\/div><\/div>\n\n\n\n<p><strong>Communication non violente<\/strong>, Lise Dorme<\/p>\n\n\n\n<p><strong>Naturopathe,<\/strong> IMDERPLANT, 2015<\/p>\n\n\n\n<p><strong>Hydrotomie percutan\u00e9e<\/strong> : formation aupr\u00e9s du Docteur GUEZ \u00e0 Nice, janvier 2023<\/p>\n\n\n\n<p><strong>Brevet Professionnel Responsable d&rsquo;Exploitation Agricole<\/strong> en maraichage et plantes m\u00e9dicinales, 2018<\/p>\n\n\n\n<p><strong>Arts th\u00e9rapie<\/strong> par le dessin centr\u00e9, Claire Suire, 2024<\/p>\n\n\n\n<p><\/p>\n\n\n\n<h2 class=\"wp-block-heading\">Formations acquises par la pratique ET l&rsquo;exp\u00e9rience<\/h2>\n\n\n\n<p><strong>Organisatrice et accompagnatrice des s\u00e9jours VITALIT\u00c9 &#8211; D\u00c9TOX &#8211; CREATIVITE<\/strong>. <\/p>\n\n\n\n<p>Le 30 i\u00e8me a eu lieu ce printemps 2024 en Dr\u00f4me. A ce jour, j&rsquo;ai accompagn\u00e9 plus de <strong>300 personnes dans le processus du je\u00fbne<\/strong>, non m\u00e9dicalis\u00e9 ayant commenc\u00e9 moi-m\u00eame \u00e0 je\u00fbner seule \u00e0 l&rsquo;\u00e2ge de 18 ans. Aujourd&rsquo;hui, apr\u00e8s une longue p\u00e9riode de faiblesse li\u00e9e \u00e0 une maternit\u00e9 \u00e9puisante, je propose des formules \u00ab\u00a0d\u00e9tox\u00a0\u00bb \u00e0 la place du je\u00fbne pour les profils \u00ab\u00a0fragiles, fatigu\u00e9s, \u00e9puis\u00e9s\u00a0\u00bb. Consultations et suivi pr\u00e9 et post je\u00fbne font parties de la prise en charge global propos\u00e9e lors de l&rsquo;inscription au s\u00e9jour.<\/p>\n\n\n\n<p><strong>Coach sportif et postural, 2020 : Cours et consultations individuelles. Pratiques collectives. Outils : Yoga, pilates, danse, arts martiaux, respiration et m\u00e9ditation.<\/strong> <\/p>\n\n\n\n<p><strong>M\u00e9ditation Vipassana<\/strong> : 11 stages de 11 jours en silence avec 10 heures de m\u00e9ditation\/24h. Le premier, au N\u00e9apl fut un calvaire, le dernier, enceinte de 8 mois a cl\u00f4tur\u00e9 cette puissante immersion int\u00e9rieure.<\/p>\n\n\n\n<p><strong>Yoga<\/strong> : Hatha, Bikram, Astangha, Kundalini, Vinyasa et Iyengar&#8230; pratiques quasi quotidienne depuis 20 ans. Cumul de stages, d&rsquo;\u00e9coles et d&rsquo;enseignants diff\u00e9rents. Je n&rsquo;en citerai que deux, pour l&rsquo;immense gratitude que j&rsquo;ai ressenti d&rsquo;\u00eatre \u00e0 leurs c\u00f4t\u00e9s : RAJIV et SWATI, disciples de BKS IYENGAR, \u00e0 D\u00e9hradum, Inde.<\/p>\n\n\n\n<p><strong>A\u00efkido<\/strong> : 3 fois par semaine pendant mon adolescence et ma jeunesse d&rsquo;adulte! Le tatami a commenc\u00e9 \u00e0 former mon corps et mon esprit. <\/p>\n\n\n\n<p><strong>Aikishintaiso<\/strong> : IAT initial avec Anne Cognard Sensei &amp; ma\u00eetre Cognard, https:\/\/aikishintaiso.fr\/<\/p>\n\n\n\n<p><strong>Escalade, Slackline, Randonn\u00e9e et Cirque<\/strong> : membre des \u00ab\u00a0Flyings Frenchies\u00a0\u00bb pendant 10 ans, nous avons arpent\u00e9 les montagnes, tourn\u00e9 des films et v\u00e9cu d&rsquo;aventures extr\u00eames : https:\/\/www.flying-frenchies.com\/<\/p>\n\n\n\n<p><strong>Danse contemporaine et Tango argentin<\/strong><\/p>\n\n\n\n<h4 class=\"wp-block-heading\"><\/h4>\n\n\n\n<p>\u2026<\/p>\n\n\n\n<h2 class=\"wp-block-heading\"> <\/h2>\n","protected":false},"excerpt":{"rendered":"<p>Dipl\u00f4mes ET Certifications Sapeur pompier volontaire, P\u00e9lissanne, 2003 Infirmi\u00e8re, H\u00f4pitaux de Marseille, 2005 Massages et Soins, 2013 Tha\u00ef Yoga Massage et Ayurv\u00e9dic massage, Goa, Inde Tha\u00ef Massage, Chang Mai, Pichest Boothume Chi Nei Tsang massage, soin des organes du ventre, Chang Mai, Mantak Chia Recreation &amp; Sport Medecine, anatomie par le mouvement, Chang Mai Communication&hellip; <br \/> <a class=\"button small blue\" href=\"https:\/\/lherbalie.org\/?page_id=2092\">Lire la suite<\/a><\/p>\n","protected":false},"author":1,"featured_media":0,"parent":0,"menu_order":0,"comment_status":"closed","ping_status":"closed","template":"","meta":{"footnotes":""},"_links":{"self":[{"href":"https:\/\/lherbalie.org\/index.php?rest_route=\/wp\/v2\/pages\/2092"}],"collection":[{"href":"https:\/\/lherbalie.org\/index.php?rest_route=\/wp\/v2\/pages"}],"about":[{"href":"https:\/\/lherbalie.org\/index.php?rest_route=\/wp\/v2\/types\/page"}],"author":[{"embeddable":true,"href":"https:\/\/lherbalie.org\/index.php?rest_route=\/wp\/v2\/users\/1"}],"replies":[{"embeddable":true,"href":"https:\/\/lherbalie.org\/index.php?rest_route=%2Fwp%2Fv2%2Fcomments&post=2092"}],"version-history":[{"count":11,"href":"https:\/\/lherbalie.org\/index.php?rest_route=\/wp\/v2\/pages\/2092\/revisions"}],"predecessor-version":[{"id":2213,"href":"https:\/\/lherbalie.org\/index.php?rest_route=\/wp\/v2\/pages\/2092\/revisions\/2213"}],"wp:attachment":[{"href":"https:\/\/lherbalie.org\/index.php?rest_route=%2Fwp%2Fv2%2Fmedia&parent=2092"}],"curies":[{"name":"wp","href":"https:\/\/api.w.org\/{rel}","templated":true}]}}