{"id":1807,"date":"2022-09-21T11:14:17","date_gmt":"2022-09-21T09:14:17","guid":{"rendered":"http:\/\/lherbalie.org\/?page_id=1807"},"modified":"2022-09-21T11:17:50","modified_gmt":"2022-09-21T09:17:50","slug":"la-bouffee-dromoise","status":"publish","type":"page","link":"https:\/\/lherbalie.org\/?page_id=1807","title":{"rendered":"LA BOUFF\u00c9E DR\u00d4MOISE"},"content":{"rendered":"\n<p><\/p>\n\n\n\n<h2 class=\"wp-block-heading\">LA BOUFF\u00c9E DR\u00d4MOISE<\/h2>\n\n\n\n<p>Un m\u00e9lange de 15 plantes sauvages et cultiv\u00e9es en Dr\u00f4me aux propri\u00e9t\u00e9s m\u00e9dicinales et gustatives.<\/p>\n\n\n\n<div class=\"wp-block-image\"><figure class=\"aligncenter is-resized\"><img loading=\"lazy\" decoding=\"async\" src=\"http:\/\/lherbalie.org\/wp-content\/uploads\/2019\/03\/calumet.jpg\" alt=\"\" class=\"wp-image-1378\" width=\"359\" height=\"269\" srcset=\"https:\/\/lherbalie.org\/wp-content\/uploads\/2019\/03\/calumet.jpg 800w, https:\/\/lherbalie.org\/wp-content\/uploads\/2019\/03\/calumet-300x225.jpg 300w, https:\/\/lherbalie.org\/wp-content\/uploads\/2019\/03\/calumet-768x576.jpg 768w\" sizes=\"(max-width: 359px) 100vw, 359px\" \/><\/figure><\/div>\n\n\n\n<table class=\"wp-block-table\"><tbody><tr><td><strong>A m\u00e9langer au tabac ou \u00e0 fumer pur<br><\/strong><br>Art\u00e9misia vulgaris, Verbascum thapsus,<br>Tussilago farfara Coryllus avellana, Ribes<br>nigrum et idaeus, Rubus caesius<br>Juglans regia, Salvia officinalis, Galium<br>v\u00e9rum, Urtica dioica, Althaea officinalis,<br>Calendula, Rosa canina<\/td><\/tr><\/tbody><\/table>\n\n\n\n<div class=\"wp-block-image\"><figure class=\"aligncenter is-resized\"><img loading=\"lazy\" decoding=\"async\" src=\"http:\/\/lherbalie.org\/wp-content\/uploads\/2022\/09\/Article-BOUFFEE-DROMOISE.png\" alt=\"\" class=\"wp-image-1808\" width=\"426\" height=\"426\" srcset=\"https:\/\/lherbalie.org\/wp-content\/uploads\/2022\/09\/Article-BOUFFEE-DROMOISE.png 500w, https:\/\/lherbalie.org\/wp-content\/uploads\/2022\/09\/Article-BOUFFEE-DROMOISE-150x150.png 150w, https:\/\/lherbalie.org\/wp-content\/uploads\/2022\/09\/Article-BOUFFEE-DROMOISE-300x300.png 300w\" sizes=\"(max-width: 426px) 100vw, 426px\" \/><figcaption>L<strong>a texture est soyeuse et douce comme son parfum<\/strong><\/figcaption><\/figure><\/div>\n","protected":false},"excerpt":{"rendered":"<p>LA BOUFF\u00c9E DR\u00d4MOISE Un m\u00e9lange de 15 plantes sauvages et cultiv\u00e9es en Dr\u00f4me aux propri\u00e9t\u00e9s m\u00e9dicinales et gustatives. A m\u00e9langer au tabac ou \u00e0 fumer purArt\u00e9misia vulgaris, Verbascum thapsus,Tussilago farfara Coryllus avellana, Ribesnigrum et idaeus, Rubus caesiusJuglans regia, Salvia officinalis, Galiumv\u00e9rum, Urtica dioica, Althaea officinalis,Calendula, Rosa canina<\/p>\n","protected":false},"author":1,"featured_media":0,"parent":0,"menu_order":0,"comment_status":"closed","ping_status":"closed","template":"","meta":{"footnotes":""},"_links":{"self":[{"href":"https:\/\/lherbalie.org\/index.php?rest_route=\/wp\/v2\/pages\/1807"}],"collection":[{"href":"https:\/\/lherbalie.org\/index.php?rest_route=\/wp\/v2\/pages"}],"about":[{"href":"https:\/\/lherbalie.org\/index.php?rest_route=\/wp\/v2\/types\/page"}],"author":[{"embeddable":true,"href":"https:\/\/lherbalie.org\/index.php?rest_route=\/wp\/v2\/users\/1"}],"replies":[{"embeddable":true,"href":"https:\/\/lherbalie.org\/index.php?rest_route=%2Fwp%2Fv2%2Fcomments&post=1807"}],"version-history":[{"count":3,"href":"https:\/\/lherbalie.org\/index.php?rest_route=\/wp\/v2\/pages\/1807\/revisions"}],"predecessor-version":[{"id":1812,"href":"https:\/\/lherbalie.org\/index.php?rest_route=\/wp\/v2\/pages\/1807\/revisions\/1812"}],"wp:attachment":[{"href":"https:\/\/lherbalie.org\/index.php?rest_route=%2Fwp%2Fv2%2Fmedia&parent=1807"}],"curies":[{"name":"wp","href":"https:\/\/api.w.org\/{rel}","templated":true}]}}