{"id":1801,"date":"2022-09-21T11:08:02","date_gmt":"2022-09-21T09:08:02","guid":{"rendered":"http:\/\/lherbalie.org\/?page_id=1801"},"modified":"2025-04-04T11:20:16","modified_gmt":"2025-04-04T09:20:16","slug":"lonctueuse-a-la-rose","status":"publish","type":"page","link":"https:\/\/lherbalie.org\/?page_id=1801","title":{"rendered":"L&rsquo;ONCTUEUSE A LA ROSE"},"content":{"rendered":"\n<h2 class=\"wp-block-heading\">La cr\u00e8me de Lili !!!<\/h2>\n\n\n\n<p><\/p>\n\n\n\n<p>Une cr\u00e8me de soins r\u00e9alis\u00e9e avec des plantes sauvages cultiv\u00e9es en Dr\u00f4me. <\/p>\n\n\n\n<p>Recette cr\u00e9\u00e9e et r\u00e9alis\u00e9e par l\u2019Herbalie.<\/p>\n\n\n<div class=\"wp-block-image\">\n<figure class=\"aligncenter\"><img loading=\"lazy\" decoding=\"async\" width=\"500\" height=\"500\" src=\"http:\/\/lherbalie.org\/wp-content\/uploads\/2022\/09\/Article-Onctueuse-a\u0300-la-rose.png\" alt=\"\" class=\"wp-image-1803\" srcset=\"https:\/\/lherbalie.org\/wp-content\/uploads\/2022\/09\/Article-Onctueuse-a\u0300-la-rose.png 500w, https:\/\/lherbalie.org\/wp-content\/uploads\/2022\/09\/Article-Onctueuse-a\u0300-la-rose-150x150.png 150w, https:\/\/lherbalie.org\/wp-content\/uploads\/2022\/09\/Article-Onctueuse-a\u0300-la-rose-300x300.png 300w\" sizes=\"(max-width: 500px) 100vw, 500px\" \/><\/figure><\/div>\n\n\n<h2 class=\"wp-block-heading\">TARIFS 2025 <\/h2>\n\n\n\n<p>Suite \u00e0 la hausse consid\u00e9rable du prix des huiles v\u00e9g\u00e9tales, le prix des cr\u00e8mes augmentent aussi. <\/p>\n\n\n\n<p><strong>Petit flacon, contenance de 40 ml : 15 euros<\/strong><\/p>\n\n\n\n<p><strong>Gros flacon, contenance de 80 ml : 25 euros<\/strong><\/p>\n\n\n\n<p><strong>Les frais de port<\/strong> sont \u00e0 rajouter \u00e0 ce tarif, soit 5 euros le petit flacon et 7 euros le grand.<\/p>\n\n\n\n<h2 class=\"wp-block-heading\">En libre service \u00e0 Pi\u00e9gros la Clastre!<\/h2>\n\n\n\n<p>Les pots de cr\u00e8me sont en libre service \u00e0 Pi\u00e9gros la Clastre, au 17 place de la Fontaine, en haut des escaliers. La porte en bas est toujours ouverte, entrez et servez vous, un contenant est pr\u00e9vu pour recevoir ch\u00e8ques et esp\u00e8ces. <\/p>\n\n\n\n<h2 class=\"wp-block-heading\">COMMANDES <\/h2>\n\n\n\n<p>Vous pouvez les commander en me faisant un SMS au 06 14 85 51 31, \u00e0 r\u00e9ception de votre ch\u00e8que \u00e0 l&rsquo;adresse ci dessus, (Leslie comme ordre) je vous exp\u00e9dierai la commande.<\/p>\n\n\n\n<p>Merci pour votre confiance.<\/p>\n\n\n<div class=\"wp-block-image\">\n<figure class=\"aligncenter\"><img loading=\"lazy\" decoding=\"async\" width=\"725\" height=\"1024\" src=\"http:\/\/lherbalie.org\/wp-content\/uploads\/2022\/09\/cr\u00e8me-de-rose_page-0002-1-725x1024.jpg\" alt=\"\" class=\"wp-image-1838\" srcset=\"https:\/\/lherbalie.org\/wp-content\/uploads\/2022\/09\/cr\u00e8me-de-rose_page-0002-1-725x1024.jpg 725w, https:\/\/lherbalie.org\/wp-content\/uploads\/2022\/09\/cr\u00e8me-de-rose_page-0002-1-212x300.jpg 212w, https:\/\/lherbalie.org\/wp-content\/uploads\/2022\/09\/cr\u00e8me-de-rose_page-0002-1-768x1085.jpg 768w, https:\/\/lherbalie.org\/wp-content\/uploads\/2022\/09\/cr\u00e8me-de-rose_page-0002-1-1024x1447.jpg 1024w, https:\/\/lherbalie.org\/wp-content\/uploads\/2022\/09\/cr\u00e8me-de-rose_page-0002-1-764x1080.jpg 764w, https:\/\/lherbalie.org\/wp-content\/uploads\/2022\/09\/cr\u00e8me-de-rose_page-0002-1.jpg 1241w\" sizes=\"(max-width: 725px) 100vw, 725px\" \/><\/figure><\/div>","protected":false},"excerpt":{"rendered":"<p>La cr\u00e8me de Lili !!! Une cr\u00e8me de soins r\u00e9alis\u00e9e avec des plantes sauvages cultiv\u00e9es en Dr\u00f4me. Recette cr\u00e9\u00e9e et r\u00e9alis\u00e9e par l\u2019Herbalie. TARIFS 2025 Suite \u00e0 la hausse consid\u00e9rable du prix des huiles v\u00e9g\u00e9tales, le prix des cr\u00e8mes augmentent aussi. Petit flacon, contenance de 40 ml : 15 euros Gros flacon, contenance de 80&hellip; <br \/> <a class=\"button small blue\" href=\"https:\/\/lherbalie.org\/?page_id=1801\">Lire la suite<\/a><\/p>\n","protected":false},"author":1,"featured_media":0,"parent":0,"menu_order":0,"comment_status":"closed","ping_status":"closed","template":"","meta":{"footnotes":""},"_links":{"self":[{"href":"https:\/\/lherbalie.org\/index.php?rest_route=\/wp\/v2\/pages\/1801"}],"collection":[{"href":"https:\/\/lherbalie.org\/index.php?rest_route=\/wp\/v2\/pages"}],"about":[{"href":"https:\/\/lherbalie.org\/index.php?rest_route=\/wp\/v2\/types\/page"}],"author":[{"embeddable":true,"href":"https:\/\/lherbalie.org\/index.php?rest_route=\/wp\/v2\/users\/1"}],"replies":[{"embeddable":true,"href":"https:\/\/lherbalie.org\/index.php?rest_route=%2Fwp%2Fv2%2Fcomments&post=1801"}],"version-history":[{"count":12,"href":"https:\/\/lherbalie.org\/index.php?rest_route=\/wp\/v2\/pages\/1801\/revisions"}],"predecessor-version":[{"id":2211,"href":"https:\/\/lherbalie.org\/index.php?rest_route=\/wp\/v2\/pages\/1801\/revisions\/2211"}],"wp:attachment":[{"href":"https:\/\/lherbalie.org\/index.php?rest_route=%2Fwp%2Fv2%2Fmedia&parent=1801"}],"curies":[{"name":"wp","href":"https:\/\/api.w.org\/{rel}","templated":true}]}}