{"id":1698,"date":"2022-08-31T11:53:45","date_gmt":"2022-08-31T09:53:45","guid":{"rendered":"http:\/\/lherbalie.org\/?page_id=1698"},"modified":"2022-09-19T17:25:50","modified_gmt":"2022-09-19T15:25:50","slug":"les-produits","status":"publish","type":"page","link":"https:\/\/lherbalie.org\/?page_id=1698","title":{"rendered":"PRODUITS"},"content":{"rendered":"\n<p><\/p>\n\n\n\n<p class=\"has-large-font-size\"><strong>L&rsquo;onctueuse \u00e0 la Rose<\/strong><\/p>\n\n\n\n<p><\/p>\n\n\n\n<p><strong>Une cr\u00e8me de soins r\u00e9alis\u00e9e avec des plantes sauvages cultiv\u00e9es en Dr\u00f4me. Recette cr\u00e9\u00e9e et r\u00e9alis\u00e9e par l&rsquo;Herbalie.<\/strong><\/p>\n\n\n\n<div class=\"wp-block-image\"><figure class=\"aligncenter is-resized\"><img loading=\"lazy\" decoding=\"async\" src=\"http:\/\/lherbalie.org\/wp-content\/uploads\/2022\/08\/IMG_20220831_105638.jpg\" alt=\"\" class=\"wp-image-1703\" width=\"313\" height=\"556\" srcset=\"https:\/\/lherbalie.org\/wp-content\/uploads\/2022\/08\/IMG_20220831_105638.jpg 2592w, https:\/\/lherbalie.org\/wp-content\/uploads\/2022\/08\/IMG_20220831_105638-169x300.jpg 169w, https:\/\/lherbalie.org\/wp-content\/uploads\/2022\/08\/IMG_20220831_105638-768x1365.jpg 768w, https:\/\/lherbalie.org\/wp-content\/uploads\/2022\/08\/IMG_20220831_105638-576x1024.jpg 576w, https:\/\/lherbalie.org\/wp-content\/uploads\/2022\/08\/IMG_20220831_105638-1024x1820.jpg 1024w, https:\/\/lherbalie.org\/wp-content\/uploads\/2022\/08\/IMG_20220831_105638-608x1080.jpg 608w, https:\/\/lherbalie.org\/wp-content\/uploads\/2022\/08\/IMG_20220831_105638-1320x2347.jpg 1320w\" sizes=\"(max-width: 313px) 100vw, 313px\" \/><\/figure><\/div>\n\n\n\n\n\n<h2 class=\"wp-block-heading\">La bouff\u00e9e dr\u00f4moise<br><\/h2>\n\n\n\n<div class=\"wp-block-image\"><figure class=\"aligncenter\"><img loading=\"lazy\" decoding=\"async\" width=\"300\" height=\"225\" src=\"http:\/\/lherbalie.org\/wp-content\/uploads\/2019\/03\/calumet-300x225.jpg\" alt=\"\" class=\"wp-image-1378\" srcset=\"https:\/\/lherbalie.org\/wp-content\/uploads\/2019\/03\/calumet-300x225.jpg 300w, https:\/\/lherbalie.org\/wp-content\/uploads\/2019\/03\/calumet-768x576.jpg 768w, https:\/\/lherbalie.org\/wp-content\/uploads\/2019\/03\/calumet.jpg 800w\" sizes=\"(max-width: 300px) 100vw, 300px\" \/><\/figure><\/div>\n\n\n\n<p style=\"text-align:center\"><strong>Un m\u00e9lange de 15 plantes sauvages et cultiv\u00e9es en Dr\u00f4me aux propri\u00e9t\u00e9s m\u00e9dicinales et gustatives.<\/strong><\/p>\n\n\n\n<table class=\"wp-block-table aligncenter\"><tbody><tr><td><strong>A m\u00e9langer au tabac ou \u00e0 fumer pur<br><\/strong><br>Art\u00e9misia vulgaris, Verbascum thapsus,<br>Tussilago farfara Coryllus avellana, Ribes<br>nigrum et idaeus, Rubus caesius<br>Juglans regia, Salvia officinalis, Galium<br>v\u00e9rum, Urtica dioica, Althaea officinalis,<br>Calendula, Rosa canina<br><br><\/td><\/tr><\/tbody><\/table>\n\n\n\n<div class=\"wp-block-image\"><figure class=\"aligncenter\"><img loading=\"lazy\" decoding=\"async\" width=\"576\" height=\"1024\" src=\"http:\/\/lherbalie.org\/wp-content\/uploads\/2022\/08\/IMG_20220831_110612-576x1024.jpg\" alt=\"\" class=\"wp-image-1705\" srcset=\"https:\/\/lherbalie.org\/wp-content\/uploads\/2022\/08\/IMG_20220831_110612-576x1024.jpg 576w, https:\/\/lherbalie.org\/wp-content\/uploads\/2022\/08\/IMG_20220831_110612-169x300.jpg 169w, https:\/\/lherbalie.org\/wp-content\/uploads\/2022\/08\/IMG_20220831_110612-768x1365.jpg 768w, https:\/\/lherbalie.org\/wp-content\/uploads\/2022\/08\/IMG_20220831_110612-1024x1820.jpg 1024w, https:\/\/lherbalie.org\/wp-content\/uploads\/2022\/08\/IMG_20220831_110612-608x1080.jpg 608w, https:\/\/lherbalie.org\/wp-content\/uploads\/2022\/08\/IMG_20220831_110612-1320x2347.jpg 1320w\" sizes=\"(max-width: 576px) 100vw, 576px\" \/><figcaption>L<strong>a texture est soyeuse et douce comme son parfum<\/strong><\/figcaption><\/figure><\/div>\n","protected":false},"excerpt":{"rendered":"<p>L&rsquo;onctueuse \u00e0 la Rose Une cr\u00e8me de soins r\u00e9alis\u00e9e avec des plantes sauvages cultiv\u00e9es en Dr\u00f4me. Recette cr\u00e9\u00e9e et r\u00e9alis\u00e9e par l&rsquo;Herbalie. La bouff\u00e9e dr\u00f4moise Un m\u00e9lange de 15 plantes sauvages et cultiv\u00e9es en Dr\u00f4me aux propri\u00e9t\u00e9s m\u00e9dicinales et gustatives. A m\u00e9langer au tabac ou \u00e0 fumer purArt\u00e9misia vulgaris, Verbascum thapsus,Tussilago farfara Coryllus avellana, Ribesnigrum&hellip; <br \/> <a class=\"button small blue\" href=\"https:\/\/lherbalie.org\/?page_id=1698\">Lire la suite<\/a><\/p>\n","protected":false},"author":1,"featured_media":0,"parent":0,"menu_order":0,"comment_status":"closed","ping_status":"closed","template":"","meta":{"footnotes":""},"_links":{"self":[{"href":"https:\/\/lherbalie.org\/index.php?rest_route=\/wp\/v2\/pages\/1698"}],"collection":[{"href":"https:\/\/lherbalie.org\/index.php?rest_route=\/wp\/v2\/pages"}],"about":[{"href":"https:\/\/lherbalie.org\/index.php?rest_route=\/wp\/v2\/types\/page"}],"author":[{"embeddable":true,"href":"https:\/\/lherbalie.org\/index.php?rest_route=\/wp\/v2\/users\/1"}],"replies":[{"embeddable":true,"href":"https:\/\/lherbalie.org\/index.php?rest_route=%2Fwp%2Fv2%2Fcomments&post=1698"}],"version-history":[{"count":8,"href":"https:\/\/lherbalie.org\/index.php?rest_route=\/wp\/v2\/pages\/1698\/revisions"}],"predecessor-version":[{"id":1793,"href":"https:\/\/lherbalie.org\/index.php?rest_route=\/wp\/v2\/pages\/1698\/revisions\/1793"}],"wp:attachment":[{"href":"https:\/\/lherbalie.org\/index.php?rest_route=%2Fwp%2Fv2%2Fmedia&parent=1698"}],"curies":[{"name":"wp","href":"https:\/\/api.w.org\/{rel}","templated":true}]}}