{"id":1655,"date":"2022-08-30T18:45:02","date_gmt":"2022-08-30T16:45:02","guid":{"rendered":"http:\/\/lherbalie.org\/?page_id=1655"},"modified":"2025-04-16T15:12:28","modified_gmt":"2025-04-16T13:12:28","slug":"galerie","status":"publish","type":"page","link":"https:\/\/lherbalie.org\/?page_id=1655","title":{"rendered":"Galerie"},"content":{"rendered":"\n<figure class=\"wp-block-gallery aligncenter has-nested-images columns-3 is-cropped wp-block-gallery-1 is-layout-flex wp-block-gallery-is-layout-flex\">\n<figure class=\"wp-block-image\"><img loading=\"lazy\" decoding=\"async\" width=\"724\" height=\"1024\" data-id=\"1815\" src=\"https:\/\/lherbalie.org\/wp-content\/uploads\/2022\/09\/PH1-724x1024.png\" alt=\"\" class=\"wp-image-1815\" srcset=\"https:\/\/lherbalie.org\/wp-content\/uploads\/2022\/09\/PH1-724x1024.png 724w, https:\/\/lherbalie.org\/wp-content\/uploads\/2022\/09\/PH1-212x300.png 212w, https:\/\/lherbalie.org\/wp-content\/uploads\/2022\/09\/PH1-768x1086.png 768w, https:\/\/lherbalie.org\/wp-content\/uploads\/2022\/09\/PH1-1024x1448.png 1024w, https:\/\/lherbalie.org\/wp-content\/uploads\/2022\/09\/PH1-764x1080.png 764w, https:\/\/lherbalie.org\/wp-content\/uploads\/2022\/09\/PH1-1320x1867.png 1320w, https:\/\/lherbalie.org\/wp-content\/uploads\/2022\/09\/PH1.png 1414w\" sizes=\"(max-width: 724px) 100vw, 724px\" \/><figcaption class=\"wp-element-caption\">En plein je\u00fbne, une petite d\u00e9gustation de plantain\u2026 Printemps 2020 !<\/figcaption><\/figure>\n\n\n\n<figure class=\"wp-block-image\"><img loading=\"lazy\" decoding=\"async\" width=\"724\" height=\"1024\" data-id=\"1818\" src=\"https:\/\/lherbalie.org\/wp-content\/uploads\/2022\/09\/PH2-724x1024.png\" alt=\"\" class=\"wp-image-1818\" srcset=\"https:\/\/lherbalie.org\/wp-content\/uploads\/2022\/09\/PH2-724x1024.png 724w, https:\/\/lherbalie.org\/wp-content\/uploads\/2022\/09\/PH2-212x300.png 212w, https:\/\/lherbalie.org\/wp-content\/uploads\/2022\/09\/PH2-768x1086.png 768w, https:\/\/lherbalie.org\/wp-content\/uploads\/2022\/09\/PH2-1024x1448.png 1024w, https:\/\/lherbalie.org\/wp-content\/uploads\/2022\/09\/PH2-764x1080.png 764w, https:\/\/lherbalie.org\/wp-content\/uploads\/2022\/09\/PH2-1320x1867.png 1320w, https:\/\/lherbalie.org\/wp-content\/uploads\/2022\/09\/PH2.png 1414w\" sizes=\"(max-width: 724px) 100vw, 724px\" \/><figcaption class=\"wp-element-caption\">pr\u00e8s 6 jours sans manger, un moment merveilleux na\u00eet avec un pruneau r\u00e9hydrat\u00e9!<\/figcaption><\/figure>\n\n\n\n<figure class=\"wp-block-image\"><img loading=\"lazy\" decoding=\"async\" width=\"1024\" height=\"768\" data-id=\"1658\" src=\"https:\/\/lherbalie.org\/wp-content\/uploads\/2022\/08\/salade-reprise-1024x768.jpg\" alt=\"\" class=\"wp-image-1658\" srcset=\"https:\/\/lherbalie.org\/wp-content\/uploads\/2022\/08\/salade-reprise-1024x768.jpg 1024w, https:\/\/lherbalie.org\/wp-content\/uploads\/2022\/08\/salade-reprise-300x225.jpg 300w, https:\/\/lherbalie.org\/wp-content\/uploads\/2022\/08\/salade-reprise-768x576.jpg 768w, https:\/\/lherbalie.org\/wp-content\/uploads\/2022\/08\/salade-reprise-1440x1080.jpg 1440w, https:\/\/lherbalie.org\/wp-content\/uploads\/2022\/08\/salade-reprise-1320x990.jpg 1320w\" sizes=\"(max-width: 1024px) 100vw, 1024px\" \/><\/figure>\n\n\n\n<figure class=\"wp-block-image\"><img loading=\"lazy\" decoding=\"async\" width=\"768\" height=\"1024\" data-id=\"1659\" src=\"https:\/\/lherbalie.org\/wp-content\/uploads\/2022\/08\/IMG-20220718-WA0002-768x1024.jpg\" alt=\"\" class=\"wp-image-1659\" srcset=\"https:\/\/lherbalie.org\/wp-content\/uploads\/2022\/08\/IMG-20220718-WA0002-768x1024.jpg 768w, https:\/\/lherbalie.org\/wp-content\/uploads\/2022\/08\/IMG-20220718-WA0002-225x300.jpg 225w, https:\/\/lherbalie.org\/wp-content\/uploads\/2022\/08\/IMG-20220718-WA0002-1024x1365.jpg 1024w, https:\/\/lherbalie.org\/wp-content\/uploads\/2022\/08\/IMG-20220718-WA0002-810x1080.jpg 810w, https:\/\/lherbalie.org\/wp-content\/uploads\/2022\/08\/IMG-20220718-WA0002.jpg 1200w\" sizes=\"(max-width: 768px) 100vw, 768px\" \/><\/figure>\n\n\n\n<figure class=\"wp-block-image\"><img loading=\"lazy\" decoding=\"async\" width=\"724\" height=\"1024\" data-id=\"1821\" src=\"https:\/\/lherbalie.org\/wp-content\/uploads\/2022\/09\/PH3-724x1024.png\" alt=\"\" class=\"wp-image-1821\" srcset=\"https:\/\/lherbalie.org\/wp-content\/uploads\/2022\/09\/PH3-724x1024.png 724w, https:\/\/lherbalie.org\/wp-content\/uploads\/2022\/09\/PH3-212x300.png 212w, https:\/\/lherbalie.org\/wp-content\/uploads\/2022\/09\/PH3-768x1086.png 768w, https:\/\/lherbalie.org\/wp-content\/uploads\/2022\/09\/PH3-1024x1448.png 1024w, https:\/\/lherbalie.org\/wp-content\/uploads\/2022\/09\/PH3-764x1080.png 764w, https:\/\/lherbalie.org\/wp-content\/uploads\/2022\/09\/PH3-1320x1867.png 1320w, https:\/\/lherbalie.org\/wp-content\/uploads\/2022\/09\/PH3.png 1414w\" sizes=\"(max-width: 724px) 100vw, 724px\" \/><figcaption class=\"wp-element-caption\">Repos &amp; Chaleur \u00c9t\u00e9 2022<\/figcaption><\/figure>\n\n\n\n<figure class=\"wp-block-image\"><img loading=\"lazy\" decoding=\"async\" width=\"643\" height=\"643\" data-id=\"1661\" src=\"https:\/\/lherbalie.org\/wp-content\/uploads\/2022\/08\/IMG_20220716_102941_875.jpg\" alt=\"\" class=\"wp-image-1661\" srcset=\"https:\/\/lherbalie.org\/wp-content\/uploads\/2022\/08\/IMG_20220716_102941_875.jpg 643w, https:\/\/lherbalie.org\/wp-content\/uploads\/2022\/08\/IMG_20220716_102941_875-150x150.jpg 150w, https:\/\/lherbalie.org\/wp-content\/uploads\/2022\/08\/IMG_20220716_102941_875-300x300.jpg 300w\" sizes=\"(max-width: 643px) 100vw, 643px\" \/><\/figure>\n\n\n\n<figure class=\"wp-block-image\"><img loading=\"lazy\" decoding=\"async\" width=\"644\" height=\"644\" data-id=\"1662\" src=\"https:\/\/lherbalie.org\/wp-content\/uploads\/2022\/08\/IMG_20220716_102941_983.jpg\" alt=\"\" class=\"wp-image-1662\" srcset=\"https:\/\/lherbalie.org\/wp-content\/uploads\/2022\/08\/IMG_20220716_102941_983.jpg 644w, https:\/\/lherbalie.org\/wp-content\/uploads\/2022\/08\/IMG_20220716_102941_983-150x150.jpg 150w, https:\/\/lherbalie.org\/wp-content\/uploads\/2022\/08\/IMG_20220716_102941_983-300x300.jpg 300w\" sizes=\"(max-width: 644px) 100vw, 644px\" \/><\/figure>\n\n\n\n<figure class=\"wp-block-image\"><img loading=\"lazy\" decoding=\"async\" width=\"724\" height=\"1024\" data-id=\"1824\" src=\"https:\/\/lherbalie.org\/wp-content\/uploads\/2022\/09\/PH4-724x1024.png\" alt=\"\" class=\"wp-image-1824\" srcset=\"https:\/\/lherbalie.org\/wp-content\/uploads\/2022\/09\/PH4-724x1024.png 724w, https:\/\/lherbalie.org\/wp-content\/uploads\/2022\/09\/PH4-212x300.png 212w, https:\/\/lherbalie.org\/wp-content\/uploads\/2022\/09\/PH4-768x1086.png 768w, https:\/\/lherbalie.org\/wp-content\/uploads\/2022\/09\/PH4-1024x1448.png 1024w, https:\/\/lherbalie.org\/wp-content\/uploads\/2022\/09\/PH4-764x1080.png 764w, https:\/\/lherbalie.org\/wp-content\/uploads\/2022\/09\/PH4-1320x1867.png 1320w, https:\/\/lherbalie.org\/wp-content\/uploads\/2022\/09\/PH4.png 1414w\" sizes=\"(max-width: 724px) 100vw, 724px\" \/><figcaption class=\"wp-element-caption\">photo jeune jura<\/figcaption><\/figure>\n\n\n\n<figure class=\"wp-block-image\"><img loading=\"lazy\" decoding=\"async\" width=\"362\" height=\"643\" data-id=\"1663\" src=\"https:\/\/lherbalie.org\/wp-content\/uploads\/2022\/08\/lolie.jpg\" alt=\"\" class=\"wp-image-1663\" srcset=\"https:\/\/lherbalie.org\/wp-content\/uploads\/2022\/08\/lolie.jpg 362w, https:\/\/lherbalie.org\/wp-content\/uploads\/2022\/08\/lolie-169x300.jpg 169w\" sizes=\"(max-width: 362px) 100vw, 362px\" \/><\/figure>\n\n\n\n<figure class=\"wp-block-image\"><img loading=\"lazy\" decoding=\"async\" width=\"360\" height=\"641\" data-id=\"1665\" src=\"https:\/\/lherbalie.org\/wp-content\/uploads\/2022\/08\/lili-slack.jpg\" alt=\"\" class=\"wp-image-1665\" srcset=\"https:\/\/lherbalie.org\/wp-content\/uploads\/2022\/08\/lili-slack.jpg 360w, https:\/\/lherbalie.org\/wp-content\/uploads\/2022\/08\/lili-slack-168x300.jpg 168w\" sizes=\"(max-width: 360px) 100vw, 360px\" \/><\/figure>\n\n\n\n<figure class=\"wp-block-image\"><img loading=\"lazy\" decoding=\"async\" width=\"381\" height=\"643\" data-id=\"1666\" src=\"https:\/\/lherbalie.org\/wp-content\/uploads\/2022\/08\/tango-todd.jpg\" alt=\"\" class=\"wp-image-1666\" srcset=\"https:\/\/lherbalie.org\/wp-content\/uploads\/2022\/08\/tango-todd.jpg 381w, https:\/\/lherbalie.org\/wp-content\/uploads\/2022\/08\/tango-todd-178x300.jpg 178w\" sizes=\"(max-width: 381px) 100vw, 381px\" \/><\/figure>\n\n\n\n<figure class=\"wp-block-image\"><img loading=\"lazy\" decoding=\"async\" width=\"362\" height=\"643\" data-id=\"1667\" src=\"https:\/\/lherbalie.org\/wp-content\/uploads\/2022\/08\/symboles.jpg\" alt=\"\" class=\"wp-image-1667\" srcset=\"https:\/\/lherbalie.org\/wp-content\/uploads\/2022\/08\/symboles.jpg 362w, https:\/\/lherbalie.org\/wp-content\/uploads\/2022\/08\/symboles-169x300.jpg 169w\" sizes=\"(max-width: 362px) 100vw, 362px\" \/><\/figure>\n\n\n\n<figure class=\"wp-block-image\"><img loading=\"lazy\" decoding=\"async\" width=\"1024\" height=\"576\" data-id=\"1668\" src=\"https:\/\/lherbalie.org\/wp-content\/uploads\/2022\/08\/PXL_20220714_180458849-1024x576.jpg\" alt=\"\" class=\"wp-image-1668\" srcset=\"https:\/\/lherbalie.org\/wp-content\/uploads\/2022\/08\/PXL_20220714_180458849-1024x576.jpg 1024w, https:\/\/lherbalie.org\/wp-content\/uploads\/2022\/08\/PXL_20220714_180458849-300x169.jpg 300w, https:\/\/lherbalie.org\/wp-content\/uploads\/2022\/08\/PXL_20220714_180458849-768x432.jpg 768w, https:\/\/lherbalie.org\/wp-content\/uploads\/2022\/08\/PXL_20220714_180458849.jpg 1143w\" sizes=\"(max-width: 1024px) 100vw, 1024px\" \/><\/figure>\n\n\n\n<figure class=\"wp-block-image\"><img loading=\"lazy\" decoding=\"async\" width=\"204\" height=\"362\" data-id=\"1669\" src=\"https:\/\/lherbalie.org\/wp-content\/uploads\/2022\/08\/PXL_20220716_195436328.jpg\" alt=\"\" class=\"wp-image-1669\" srcset=\"https:\/\/lherbalie.org\/wp-content\/uploads\/2022\/08\/PXL_20220716_195436328.jpg 204w, https:\/\/lherbalie.org\/wp-content\/uploads\/2022\/08\/PXL_20220716_195436328-169x300.jpg 169w\" sizes=\"(max-width: 204px) 100vw, 204px\" \/><\/figure>\n\n\n\n<figure class=\"wp-block-image\"><img loading=\"lazy\" decoding=\"async\" width=\"1024\" height=\"768\" data-id=\"1671\" src=\"https:\/\/lherbalie.org\/wp-content\/uploads\/2022\/08\/photo-groupe-1024x768.jpg\" alt=\"\" class=\"wp-image-1671\" srcset=\"https:\/\/lherbalie.org\/wp-content\/uploads\/2022\/08\/photo-groupe-1024x768.jpg 1024w, https:\/\/lherbalie.org\/wp-content\/uploads\/2022\/08\/photo-groupe-300x225.jpg 300w, https:\/\/lherbalie.org\/wp-content\/uploads\/2022\/08\/photo-groupe-768x576.jpg 768w, https:\/\/lherbalie.org\/wp-content\/uploads\/2022\/08\/photo-groupe-1440x1080.jpg 1440w, https:\/\/lherbalie.org\/wp-content\/uploads\/2022\/08\/photo-groupe-1320x990.jpg 1320w\" sizes=\"(max-width: 1024px) 100vw, 1024px\" \/><\/figure>\n<\/figure>\n\n\n\n<figure class=\"wp-block-gallery has-nested-images columns-default is-cropped wp-block-gallery-2 is-layout-flex wp-block-gallery-is-layout-flex\">\n<figure class=\"wp-block-image size-large\"><img loading=\"lazy\" decoding=\"async\" width=\"1024\" height=\"768\" data-id=\"2113\" src=\"https:\/\/lherbalie.org\/wp-content\/uploads\/2024\/07\/leslie5-1-1024x768.jpg\" alt=\"\" class=\"wp-image-2113\" srcset=\"https:\/\/lherbalie.org\/wp-content\/uploads\/2024\/07\/leslie5-1-1024x768.jpg 1024w, https:\/\/lherbalie.org\/wp-content\/uploads\/2024\/07\/leslie5-1-300x225.jpg 300w, https:\/\/lherbalie.org\/wp-content\/uploads\/2024\/07\/leslie5-1-768x576.jpg 768w, https:\/\/lherbalie.org\/wp-content\/uploads\/2024\/07\/leslie5-1-1536x1152.jpg 1536w, https:\/\/lherbalie.org\/wp-content\/uploads\/2024\/07\/leslie5-1-2048x1536.jpg 2048w, https:\/\/lherbalie.org\/wp-content\/uploads\/2024\/07\/leslie5-1-1440x1080.jpg 1440w, https:\/\/lherbalie.org\/wp-content\/uploads\/2024\/07\/leslie5-1-1320x990.jpg 1320w\" sizes=\"(max-width: 1024px) 100vw, 1024px\" \/><figcaption class=\"wp-element-caption\">Papillon<\/figcaption><\/figure>\n\n\n\n<figure class=\"wp-block-image size-large\"><img loading=\"lazy\" decoding=\"async\" width=\"1024\" height=\"576\" data-id=\"1986\" src=\"https:\/\/lherbalie.org\/wp-content\/uploads\/2023\/08\/IMG_20230719_104458-1024x576.jpg\" alt=\"\" class=\"wp-image-1986\" srcset=\"https:\/\/lherbalie.org\/wp-content\/uploads\/2023\/08\/IMG_20230719_104458-1024x576.jpg 1024w, https:\/\/lherbalie.org\/wp-content\/uploads\/2023\/08\/IMG_20230719_104458-300x169.jpg 300w, https:\/\/lherbalie.org\/wp-content\/uploads\/2023\/08\/IMG_20230719_104458-768x432.jpg 768w, https:\/\/lherbalie.org\/wp-content\/uploads\/2023\/08\/IMG_20230719_104458-1920x1080.jpg 1920w, https:\/\/lherbalie.org\/wp-content\/uploads\/2023\/08\/IMG_20230719_104458-1320x743.jpg 1320w\" sizes=\"(max-width: 1024px) 100vw, 1024px\" \/><figcaption class=\"wp-element-caption\">Jura Yoga class<\/figcaption><\/figure>\n<\/figure>\n\n\n\n<figure class=\"wp-block-image size-large\"><img loading=\"lazy\" decoding=\"async\" width=\"1024\" height=\"576\" src=\"http:\/\/lherbalie.org\/wp-content\/uploads\/2023\/06\/IMG_20230423_112332-1024x576.jpg\" alt=\"\" class=\"wp-image-1983\" srcset=\"https:\/\/lherbalie.org\/wp-content\/uploads\/2023\/06\/IMG_20230423_112332-1024x576.jpg 1024w, https:\/\/lherbalie.org\/wp-content\/uploads\/2023\/06\/IMG_20230423_112332-300x169.jpg 300w, https:\/\/lherbalie.org\/wp-content\/uploads\/2023\/06\/IMG_20230423_112332-768x432.jpg 768w, https:\/\/lherbalie.org\/wp-content\/uploads\/2023\/06\/IMG_20230423_112332-1920x1080.jpg 1920w, https:\/\/lherbalie.org\/wp-content\/uploads\/2023\/06\/IMG_20230423_112332-1320x743.jpg 1320w\" sizes=\"(max-width: 1024px) 100vw, 1024px\" \/><\/figure>\n\n\n\n<figure class=\"wp-block-gallery has-nested-images columns-default is-cropped wp-block-gallery-3 is-layout-flex wp-block-gallery-is-layout-flex\">\n<figure class=\"wp-block-image size-large\"><img loading=\"lazy\" decoding=\"async\" width=\"1024\" height=\"768\" data-id=\"1914\" src=\"https:\/\/lherbalie.org\/wp-content\/uploads\/2022\/12\/IMG-20221002-WA0008-1-1024x768.jpg\" alt=\"\" class=\"wp-image-1914\" srcset=\"https:\/\/lherbalie.org\/wp-content\/uploads\/2022\/12\/IMG-20221002-WA0008-1-1024x768.jpg 1024w, https:\/\/lherbalie.org\/wp-content\/uploads\/2022\/12\/IMG-20221002-WA0008-1-300x225.jpg 300w, https:\/\/lherbalie.org\/wp-content\/uploads\/2022\/12\/IMG-20221002-WA0008-1-768x576.jpg 768w, https:\/\/lherbalie.org\/wp-content\/uploads\/2022\/12\/IMG-20221002-WA0008-1-1440x1080.jpg 1440w, https:\/\/lherbalie.org\/wp-content\/uploads\/2022\/12\/IMG-20221002-WA0008-1-1320x990.jpg 1320w, https:\/\/lherbalie.org\/wp-content\/uploads\/2022\/12\/IMG-20221002-WA0008-1.jpg 1600w\" sizes=\"(max-width: 1024px) 100vw, 1024px\" \/><\/figure>\n\n\n\n<figure class=\"wp-block-image size-large\"><img loading=\"lazy\" decoding=\"async\" width=\"768\" height=\"1024\" data-id=\"1888\" src=\"https:\/\/lherbalie.org\/wp-content\/uploads\/2022\/12\/IMG-20221002-WA0001-768x1024.jpg\" alt=\"\" class=\"wp-image-1888\" srcset=\"https:\/\/lherbalie.org\/wp-content\/uploads\/2022\/12\/IMG-20221002-WA0001-768x1024.jpg 768w, https:\/\/lherbalie.org\/wp-content\/uploads\/2022\/12\/IMG-20221002-WA0001-225x300.jpg 225w, https:\/\/lherbalie.org\/wp-content\/uploads\/2022\/12\/IMG-20221002-WA0001-1024x1365.jpg 1024w, https:\/\/lherbalie.org\/wp-content\/uploads\/2022\/12\/IMG-20221002-WA0001-810x1080.jpg 810w, https:\/\/lherbalie.org\/wp-content\/uploads\/2022\/12\/IMG-20221002-WA0001.jpg 1200w\" sizes=\"(max-width: 768px) 100vw, 768px\" \/><\/figure>\n\n\n\n<figure class=\"wp-block-image size-large\"><img loading=\"lazy\" decoding=\"async\" width=\"580\" height=\"1024\" data-id=\"1886\" src=\"https:\/\/lherbalie.org\/wp-content\/uploads\/2022\/12\/IMG-20221002-WA0017-580x1024.jpg\" alt=\"\" class=\"wp-image-1886\" srcset=\"https:\/\/lherbalie.org\/wp-content\/uploads\/2022\/12\/IMG-20221002-WA0017-580x1024.jpg 580w, https:\/\/lherbalie.org\/wp-content\/uploads\/2022\/12\/IMG-20221002-WA0017-170x300.jpg 170w, https:\/\/lherbalie.org\/wp-content\/uploads\/2022\/12\/IMG-20221002-WA0017-768x1355.jpg 768w, https:\/\/lherbalie.org\/wp-content\/uploads\/2022\/12\/IMG-20221002-WA0017-612x1080.jpg 612w, https:\/\/lherbalie.org\/wp-content\/uploads\/2022\/12\/IMG-20221002-WA0017.jpg 906w\" sizes=\"(max-width: 580px) 100vw, 580px\" \/><\/figure>\n\n\n\n<figure class=\"wp-block-image size-large\"><img loading=\"lazy\" decoding=\"async\" width=\"1024\" height=\"768\" data-id=\"1885\" src=\"https:\/\/lherbalie.org\/wp-content\/uploads\/2022\/12\/IMG-20221002-WA0002-1024x768.jpg\" alt=\"\" class=\"wp-image-1885\" srcset=\"https:\/\/lherbalie.org\/wp-content\/uploads\/2022\/12\/IMG-20221002-WA0002-1024x768.jpg 1024w, https:\/\/lherbalie.org\/wp-content\/uploads\/2022\/12\/IMG-20221002-WA0002-300x225.jpg 300w, https:\/\/lherbalie.org\/wp-content\/uploads\/2022\/12\/IMG-20221002-WA0002-768x576.jpg 768w, https:\/\/lherbalie.org\/wp-content\/uploads\/2022\/12\/IMG-20221002-WA0002-1440x1080.jpg 1440w, https:\/\/lherbalie.org\/wp-content\/uploads\/2022\/12\/IMG-20221002-WA0002-1320x990.jpg 1320w, https:\/\/lherbalie.org\/wp-content\/uploads\/2022\/12\/IMG-20221002-WA0002.jpg 1600w\" sizes=\"(max-width: 1024px) 100vw, 1024px\" \/><\/figure>\n<\/figure>\n","protected":false},"excerpt":{"rendered":"","protected":false},"author":1,"featured_media":0,"parent":0,"menu_order":0,"comment_status":"closed","ping_status":"closed","template":"","meta":{"footnotes":""},"_links":{"self":[{"href":"https:\/\/lherbalie.org\/index.php?rest_route=\/wp\/v2\/pages\/1655"}],"collection":[{"href":"https:\/\/lherbalie.org\/index.php?rest_route=\/wp\/v2\/pages"}],"about":[{"href":"https:\/\/lherbalie.org\/index.php?rest_route=\/wp\/v2\/types\/page"}],"author":[{"embeddable":true,"href":"https:\/\/lherbalie.org\/index.php?rest_route=\/wp\/v2\/users\/1"}],"replies":[{"embeddable":true,"href":"https:\/\/lherbalie.org\/index.php?rest_route=%2Fwp%2Fv2%2Fcomments&post=1655"}],"version-history":[{"count":10,"href":"https:\/\/lherbalie.org\/index.php?rest_route=\/wp\/v2\/pages\/1655\/revisions"}],"predecessor-version":[{"id":2221,"href":"https:\/\/lherbalie.org\/index.php?rest_route=\/wp\/v2\/pages\/1655\/revisions\/2221"}],"wp:attachment":[{"href":"https:\/\/lherbalie.org\/index.php?rest_route=%2Fwp%2Fv2%2Fmedia&parent=1655"}],"curies":[{"name":"wp","href":"https:\/\/api.w.org\/{rel}","templated":true}]}}