{"id":1120,"date":"2019-02-18T17:35:05","date_gmt":"2019-02-18T16:35:05","guid":{"rendered":"http:\/\/lherbalie.org\/?page_id=1120"},"modified":"2020-10-11T17:08:19","modified_gmt":"2020-10-11T15:08:19","slug":"botanique","status":"publish","type":"page","link":"https:\/\/lherbalie.org\/?page_id=1120","title":{"rendered":"BOTANIQUE"},"content":{"rendered":"<h2 style=\"text-align: center;\"><span style=\"color: #008080;\"><strong>BOTANIQUE SENSITIVE<br \/>\n<\/strong><\/span><\/h2>\n<p><a href=\"http:\/\/lherbalie.org\/?attachment_id=1190\" rel=\"attachment wp-att-1190\"><img loading=\"lazy\" decoding=\"async\" class=\"wp-image-1190 aligncenter\" src=\"http:\/\/lherbalie.org\/wp-content\/uploads\/2019\/03\/leaf.gif\" alt=\"\" width=\"604\" height=\"453\" \/><\/a><\/p>\n<h6 style=\"text-align: center;\"><span style=\"color: #008080;\">PLANTES SAUVAGES<\/span><br \/>\n<span style=\"color: #008080;\">&amp;<\/span><br \/>\n<span style=\"color: #008080;\">COMESTIBLES<\/span><\/h6>\n<h4 style=\"text-align: center;\">Observer, sentir, toucher, respirer et go\u00fbter la Nature<\/h4>\n<p style=\"text-align: center;\">Une approche sensorielle pour s\u2019initier et s\u2019\u00e9merveiller de l\u2019abondance de nourriture sous nos pieds !<\/p>\n<p style=\"text-align: center;\"><strong>Balade, cueillette et ateliers de cuisine vivante.<\/strong><\/p>\n<p style=\"text-align: center;\">Les tarifs s\u2019adaptent au groupe et \u00e0 la qualit\u00e9 de la prestation souhait\u00e9e.<\/p>\n<p style=\"text-align: center;\">A partir de 20 euros la demi journ\u00e9e.<\/p>\n<p><a href=\"http:\/\/lherbalie.org\/?attachment_id=1357\" rel=\"attachment wp-att-1357\"><img loading=\"lazy\" decoding=\"async\" class=\"wp-image-1357 alignleft\" src=\"http:\/\/lherbalie.org\/wp-content\/uploads\/2019\/03\/Bota-1.jpg\" alt=\"\" width=\"600\" height=\"450\" srcset=\"https:\/\/lherbalie.org\/wp-content\/uploads\/2019\/03\/Bota-1.jpg 800w, https:\/\/lherbalie.org\/wp-content\/uploads\/2019\/03\/Bota-1-300x225.jpg 300w, https:\/\/lherbalie.org\/wp-content\/uploads\/2019\/03\/Bota-1-768x576.jpg 768w\" sizes=\"(max-width: 600px) 100vw, 600px\" \/><\/a>\u00a0 <a href=\"http:\/\/lherbalie.org\/?attachment_id=1359\" rel=\"attachment wp-att-1359\"><img loading=\"lazy\" decoding=\"async\" class=\" wp-image-1359 alignright\" src=\"http:\/\/lherbalie.org\/wp-content\/uploads\/2019\/03\/Bota.jpg\" alt=\"\" width=\"601\" height=\"451\" srcset=\"https:\/\/lherbalie.org\/wp-content\/uploads\/2019\/03\/Bota.jpg 800w, https:\/\/lherbalie.org\/wp-content\/uploads\/2019\/03\/Bota-300x225.jpg 300w, https:\/\/lherbalie.org\/wp-content\/uploads\/2019\/03\/Bota-768x576.jpg 768w\" sizes=\"(max-width: 601px) 100vw, 601px\" \/><\/a><\/p>\n","protected":false},"excerpt":{"rendered":"<p>BOTANIQUE SENSITIVE PLANTES SAUVAGES &amp; COMESTIBLES Observer, sentir, toucher, respirer et go\u00fbter la Nature Une approche sensorielle pour s\u2019initier et s\u2019\u00e9merveiller de l\u2019abondance de nourriture sous nos pieds ! Balade, cueillette et ateliers de cuisine vivante. Les tarifs s\u2019adaptent au groupe et \u00e0 la qualit\u00e9 de la prestation souhait\u00e9e. A partir de 20 euros la&hellip; <br \/> <a class=\"button small blue\" href=\"https:\/\/lherbalie.org\/?page_id=1120\">Lire la suite<\/a><\/p>\n","protected":false},"author":1,"featured_media":0,"parent":0,"menu_order":0,"comment_status":"closed","ping_status":"closed","template":"","meta":{"footnotes":""},"_links":{"self":[{"href":"https:\/\/lherbalie.org\/index.php?rest_route=\/wp\/v2\/pages\/1120"}],"collection":[{"href":"https:\/\/lherbalie.org\/index.php?rest_route=\/wp\/v2\/pages"}],"about":[{"href":"https:\/\/lherbalie.org\/index.php?rest_route=\/wp\/v2\/types\/page"}],"author":[{"embeddable":true,"href":"https:\/\/lherbalie.org\/index.php?rest_route=\/wp\/v2\/users\/1"}],"replies":[{"embeddable":true,"href":"https:\/\/lherbalie.org\/index.php?rest_route=%2Fwp%2Fv2%2Fcomments&post=1120"}],"version-history":[{"count":12,"href":"https:\/\/lherbalie.org\/index.php?rest_route=\/wp\/v2\/pages\/1120\/revisions"}],"predecessor-version":[{"id":1482,"href":"https:\/\/lherbalie.org\/index.php?rest_route=\/wp\/v2\/pages\/1120\/revisions\/1482"}],"wp:attachment":[{"href":"https:\/\/lherbalie.org\/index.php?rest_route=%2Fwp%2Fv2%2Fmedia&parent=1120"}],"curies":[{"name":"wp","href":"https:\/\/api.w.org\/{rel}","templated":true}]}}