{"id":1114,"date":"2019-02-18T17:34:36","date_gmt":"2019-02-18T16:34:36","guid":{"rendered":"http:\/\/lherbalie.org\/?page_id=1114"},"modified":"2021-12-22T13:38:41","modified_gmt":"2021-12-22T12:38:41","slug":"massage","status":"publish","type":"page","link":"https:\/\/lherbalie.org\/?page_id=1114","title":{"rendered":"MASSAGES"},"content":{"rendered":"\n<div style=\"height:46px\" aria-hidden=\"true\" class=\"wp-block-spacer\"><\/div>\n\n\n\n<h2 class=\"wp-block-heading\" style=\"text-align:center\"><span style=\"color: #3366ff;\">Chaque s\u00e9ance est unique<\/span><\/h2>\n\n\n\n<p style=\"text-align:center\" class=\"has-medium-font-size\">Huiles, musiques, pierres, bols tib\u00e9tains et sons peuvent agr\u00e9menter le soin\u2026<br>Le souffle rythme le mouvement, je demande votre enti\u00e8re pr\u00e9sence.<br>A l\u2019\u00e9coute, chaque touch\u00e9 r\u00e9ponds aux besoins de votre corps-esprit.<\/p>\n\n\n\n<div style=\"height:32px\" aria-hidden=\"true\" class=\"wp-block-spacer\"><\/div>\n\n\n\n<h2 class=\"wp-block-heading\" style=\"text-align:center\"><span style=\"color: #3366ff;\"><strong>Thai<\/strong><\/span><\/h2>\n\n\n\n<div class=\"wp-block-image\"><figure class=\"aligncenter\"><a href=\"http:\/\/lherbalie.org\/?attachment_id=1485\" rel=\"attachment wp-att-1485\"><img loading=\"lazy\" decoding=\"async\" width=\"300\" height=\"168\" src=\"http:\/\/lherbalie.org\/wp-content\/uploads\/2020\/10\/THAI.jpg\" alt=\"\" class=\"wp-image-1485\"\/><\/a><\/figure><\/div>\n\n\n\n<p style=\"text-align:center\" class=\"has-medium-font-size\">Mouvements lents, doux et profonds alternant pressions &amp; \u00e9tirements.<\/p>\n\n\n\n<p style=\"text-align:center\" class=\"has-medium-font-size\">Chaque s\u00e9ance s\u2019oriente vers un r\u00e9alignement structurel et une compl\u00e8te d\u00e9tente.<br>Le massage se pratique au sol, en suivant les postures et mouvements de votre corps.<\/p>\n\n\n\n<h3 class=\"wp-block-heading\">&nbsp;<\/h3>\n\n\n\n<h2 class=\"wp-block-heading\" style=\"text-align:center\"><span style=\"color: #3366ff;\"><strong>Ayurv\u00e9dique<\/strong><\/span><\/h2>\n\n\n\n<div class=\"wp-block-image\"><figure class=\"aligncenter is-resized\"><a href=\"http:\/\/lherbalie.org\/?attachment_id=1487\" rel=\"attachment wp-att-1487\"><img loading=\"lazy\" decoding=\"async\" src=\"http:\/\/lherbalie.org\/wp-content\/uploads\/2019\/03\/massage-1.jpg\" alt=\"\" class=\"wp-image-1313\" width=\"427\" height=\"320\" srcset=\"https:\/\/lherbalie.org\/wp-content\/uploads\/2019\/03\/massage-1.jpg 640w, https:\/\/lherbalie.org\/wp-content\/uploads\/2019\/03\/massage-1-300x225.jpg 300w\" sizes=\"(max-width: 427px) 100vw, 427px\" \/><\/a><\/figure><\/div>\n\n\n\n<p style=\"text-align:center\" class=\"has-medium-font-size\">A m\u00eame la peau, avec des huiles chaudes parfum\u00e9es d\u2019essences, ce massage se d\u00e9roule sur une table par des mouvements fluides, amples et harmonisant.<br>C\u2019est un profond voyage vers la d\u00e9tente\u2026 des orteils au sommet du cr\u00e2ne.<br>Massage id\u00e9al apr\u00e8s l\u2019effort physique, la maladie ou en cas de fatigue g\u00e9n\u00e9rale.<\/p>\n\n\n\n<div style=\"height:55px\" aria-hidden=\"true\" class=\"wp-block-spacer\"><\/div>\n\n\n\n<h2 class=\"wp-block-heading\" style=\"text-align:center\"><span style=\"color: #3366ff;\"><strong>Chi Nei Tsang<\/strong><\/span><\/h2>\n\n\n\n<div class=\"wp-block-image\"><figure class=\"aligncenter is-resized\"><a href=\"http:\/\/lherbalie.org\/?attachment_id=1488\" rel=\"attachment wp-att-1488\"><img loading=\"lazy\" decoding=\"async\" src=\"http:\/\/lherbalie.org\/wp-content\/uploads\/2020\/10\/CNS.jpg\" alt=\"\" class=\"wp-image-1488\" width=\"424\" height=\"305\"\/><\/a><\/figure><\/div>\n\n\n\n<p style=\"text-align:center\" class=\"has-medium-font-size\">Massage bas\u00e9 sur le ventre dont le but est d\u2019\u00e9quilibrer les organes internes.<br>C\u2019est un travail \u00e9motionnel et physiologique recommand\u00e9 tout au long des saisons, sp\u00e9cialement pendant une p\u00e9riode de nettoyage et de je\u00fbne.<\/p>\n\n\n\n<div style=\"height:50px\" aria-hidden=\"true\" class=\"wp-block-spacer\"><\/div>\n\n\n\n<p style=\"text-align:center\" class=\"has-medium-font-size\">Les tarifs s\u2019adaptent \u00e0 la dur\u00e9e du massage, \u00e0 vos ressources ainsi qu\u2019\u00e0 la qualit\u00e9 du soin souhait\u00e9.<\/p>\n\n\n\n<h3 class=\"wp-block-heading\" style=\"text-align:center\"><span style=\"color: #3366ff;\">A partir de 50 euros l\u2019heure.<\/span><\/h3>\n","protected":false},"excerpt":{"rendered":"<p>Chaque s\u00e9ance est unique Huiles, musiques, pierres, bols tib\u00e9tains et sons peuvent agr\u00e9menter le soin\u2026Le souffle rythme le mouvement, je demande votre enti\u00e8re pr\u00e9sence.A l\u2019\u00e9coute, chaque touch\u00e9 r\u00e9ponds aux besoins de votre corps-esprit. Thai Mouvements lents, doux et profonds alternant pressions &amp; \u00e9tirements. Chaque s\u00e9ance s\u2019oriente vers un r\u00e9alignement structurel et une compl\u00e8te d\u00e9tente.Le massage&hellip; <br \/> <a class=\"button small blue\" href=\"https:\/\/lherbalie.org\/?page_id=1114\">Lire la suite<\/a><\/p>\n","protected":false},"author":1,"featured_media":0,"parent":0,"menu_order":0,"comment_status":"closed","ping_status":"closed","template":"","meta":{"footnotes":""},"_links":{"self":[{"href":"https:\/\/lherbalie.org\/index.php?rest_route=\/wp\/v2\/pages\/1114"}],"collection":[{"href":"https:\/\/lherbalie.org\/index.php?rest_route=\/wp\/v2\/pages"}],"about":[{"href":"https:\/\/lherbalie.org\/index.php?rest_route=\/wp\/v2\/types\/page"}],"author":[{"embeddable":true,"href":"https:\/\/lherbalie.org\/index.php?rest_route=\/wp\/v2\/users\/1"}],"replies":[{"embeddable":true,"href":"https:\/\/lherbalie.org\/index.php?rest_route=%2Fwp%2Fv2%2Fcomments&post=1114"}],"version-history":[{"count":27,"href":"https:\/\/lherbalie.org\/index.php?rest_route=\/wp\/v2\/pages\/1114\/revisions"}],"predecessor-version":[{"id":1608,"href":"https:\/\/lherbalie.org\/index.php?rest_route=\/wp\/v2\/pages\/1114\/revisions\/1608"}],"wp:attachment":[{"href":"https:\/\/lherbalie.org\/index.php?rest_route=%2Fwp%2Fv2%2Fmedia&parent=1114"}],"curies":[{"name":"wp","href":"https:\/\/api.w.org\/{rel}","templated":true}]}}