{"id":1044,"date":"2018-12-20T09:47:12","date_gmt":"2018-12-20T08:47:12","guid":{"rendered":"http:\/\/lherbalie.org\/?page_id=1044"},"modified":"2019-03-10T15:17:28","modified_gmt":"2019-03-10T14:17:28","slug":"prestations","status":"publish","type":"page","link":"https:\/\/lherbalie.org\/?page_id=1044","title":{"rendered":"PRESTATIONS"},"content":{"rendered":"<h2 style=\"text-align: center;\"><span style=\"color: #008080;\"><strong>SE COMPRENDRE gr\u00e2ce au YOGA<\/strong><\/span><\/h2>\n<p><img loading=\"lazy\" decoding=\"async\" class=\"size-medium wp-image-1073 aligncenter\" src=\"http:\/\/lherbalie.org\/wp-content\/uploads\/2018\/12\/yoga-300x225.jpg\" alt=\"\" width=\"300\" height=\"225\" srcset=\"https:\/\/lherbalie.org\/wp-content\/uploads\/2018\/12\/yoga-300x225.jpg 300w, https:\/\/lherbalie.org\/wp-content\/uploads\/2018\/12\/yoga-768x576.jpg 768w, https:\/\/lherbalie.org\/wp-content\/uploads\/2018\/12\/yoga.jpg 800w\" sizes=\"(max-width: 300px) 100vw, 300px\" \/><\/p>\n<p>&nbsp;<\/p>\n<p class=\"western\" style=\"text-align: center;\">L\u2019art de vivre dans l\u2019accueil de ce qui est l\u00e0, pr\u00e9sent, ici et maintenant. Une pratique des ASANAS pour ouvrir le c\u0153ur, fortifier le corps et affiner le mental.<\/p>\n<h4 style=\"text-align: center;\"><span style=\"color: #008080;\"><strong>S\u00e9ance individuelle adapt\u00e9e \u00e0 votre corps ou s\u00e9ance de groupe sur demande<\/strong><\/span><\/h4>\n<p>&nbsp;<\/p>\n<p>&nbsp;<\/p>\n<p>&nbsp;<\/p>\n<h2 style=\"text-align: center;\"><strong>PRENDRE SOIN par le MASSAGE<\/strong><\/h2>\n<p><img loading=\"lazy\" decoding=\"async\" class=\"size-medium wp-image-1077 aligncenter\" src=\"http:\/\/lherbalie.org\/wp-content\/uploads\/2018\/12\/massage2-300x225.jpg\" alt=\"\" width=\"300\" height=\"225\" srcset=\"https:\/\/lherbalie.org\/wp-content\/uploads\/2018\/12\/massage2-300x225.jpg 300w, https:\/\/lherbalie.org\/wp-content\/uploads\/2018\/12\/massage2-768x576.jpg 768w, https:\/\/lherbalie.org\/wp-content\/uploads\/2018\/12\/massage2.jpg 800w\" sizes=\"(max-width: 300px) 100vw, 300px\" \/><\/p>\n<p>&nbsp;<\/p>\n<p class=\"western\" style=\"text-align: center;\"><strong><em>THAI<\/em> :<\/strong> au sol, avec des v\u00eatements fluides\u00a0; encha\u00eenement de pressions et d\u2019\u00e9tirements\u00a0; massage en mouvements visant un r\u00e9alignement structurel du corps et incluant des postures de yoga.<\/p>\n<p class=\"western\" style=\"text-align: center;\"><strong><em>AYURVEDIQUE<\/em> :<\/strong> sur table, \u00e0 m\u00eame la peau, avec des huiles v\u00e9g\u00e9tales et essentielles\u00a0; mouvements fluides, amples, harmonisants et profonds. Massage id\u00e9al apr\u00e8s d\u2019intenses efforts physiques, maladie ou fatigue g\u00e9n\u00e9rale.<\/p>\n<p class=\"western\" style=\"text-align: center;\"><strong><em>CHI NEI TSANG<\/em> :<\/strong> au sol ou sur table, \u00e0 m\u00eame la peau\u00a0; massage des organes internes du ventre\u00a0; travail profond des corps physiologique et \u00e9motionnel.<\/p>\n<p>&nbsp;<\/p>\n<h4 style=\"text-align: center;\">\u00a0Massage d&rsquo;1h30 \u00e0 partir de 45 euros<\/h4>\n<p>&nbsp;<\/p>\n<p>&nbsp;<\/p>\n<p>&nbsp;<\/p>\n<h2 style=\"text-align: center;\">cuisine saine &amp; savoureuse<\/h2>\n<p><img loading=\"lazy\" decoding=\"async\" class=\"size-medium wp-image-1074 aligncenter\" src=\"http:\/\/lherbalie.org\/wp-content\/uploads\/2018\/12\/cuisine-300x225.jpg\" alt=\"\" width=\"300\" height=\"225\" srcset=\"https:\/\/lherbalie.org\/wp-content\/uploads\/2018\/12\/cuisine-300x225.jpg 300w, https:\/\/lherbalie.org\/wp-content\/uploads\/2018\/12\/cuisine-768x576.jpg 768w, https:\/\/lherbalie.org\/wp-content\/uploads\/2018\/12\/cuisine.jpg 800w\" sizes=\"(max-width: 300px) 100vw, 300px\" \/><\/p>\n<p>&nbsp;<\/p>\n<p style=\"text-align: center;\">Repas d&rsquo;affaire, c\u00e9r\u00e9monie de mariage, s\u00e9minaire, stages&#8230; ou repas de f\u00eates&#8230; de 10 \u00e0 200 personnes!<br \/>\nMenus adapt\u00e9s \u00e0 vos go\u00fbts et budgets tout en veillant \u00e0 une subtile alliance des couleurs, saveurs &amp; textures&#8230;<\/p>\n<p>&nbsp;<\/p>\n<h4 style=\"text-align: center;\">ADAPTABILIT\u00c9 &amp; CR\u00c9ATIVIT\u00c9 en toutes circonstances!<\/h4>\n<p>&nbsp;<\/p>\n<p>&nbsp;<\/p>\n<p><img loading=\"lazy\" decoding=\"async\" class=\"size-medium wp-image-1075 aligncenter\" src=\"http:\/\/lherbalie.org\/wp-content\/uploads\/2018\/12\/tisane-300x225.jpg\" alt=\"\" width=\"300\" height=\"225\" srcset=\"https:\/\/lherbalie.org\/wp-content\/uploads\/2018\/12\/tisane-300x225.jpg 300w, https:\/\/lherbalie.org\/wp-content\/uploads\/2018\/12\/tisane-768x576.jpg 768w, https:\/\/lherbalie.org\/wp-content\/uploads\/2018\/12\/tisane.jpg 800w\" sizes=\"(max-width: 300px) 100vw, 300px\" \/><\/p>\n","protected":false},"excerpt":{"rendered":"<p>SE COMPRENDRE gr\u00e2ce au YOGA &nbsp; L\u2019art de vivre dans l\u2019accueil de ce qui est l\u00e0, pr\u00e9sent, ici et maintenant. Une pratique des ASANAS pour ouvrir le c\u0153ur, fortifier le corps et affiner le mental. S\u00e9ance individuelle adapt\u00e9e \u00e0 votre corps ou s\u00e9ance de groupe sur demande &nbsp; &nbsp; &nbsp; PRENDRE SOIN par le MASSAGE&hellip; <br \/> <a class=\"button small blue\" href=\"https:\/\/lherbalie.org\/?page_id=1044\">Lire la suite<\/a><\/p>\n","protected":false},"author":1,"featured_media":0,"parent":0,"menu_order":0,"comment_status":"closed","ping_status":"closed","template":"","meta":{"footnotes":""},"_links":{"self":[{"href":"https:\/\/lherbalie.org\/index.php?rest_route=\/wp\/v2\/pages\/1044"}],"collection":[{"href":"https:\/\/lherbalie.org\/index.php?rest_route=\/wp\/v2\/pages"}],"about":[{"href":"https:\/\/lherbalie.org\/index.php?rest_route=\/wp\/v2\/types\/page"}],"author":[{"embeddable":true,"href":"https:\/\/lherbalie.org\/index.php?rest_route=\/wp\/v2\/users\/1"}],"replies":[{"embeddable":true,"href":"https:\/\/lherbalie.org\/index.php?rest_route=%2Fwp%2Fv2%2Fcomments&post=1044"}],"version-history":[{"count":6,"href":"https:\/\/lherbalie.org\/index.php?rest_route=\/wp\/v2\/pages\/1044\/revisions"}],"predecessor-version":[{"id":1282,"href":"https:\/\/lherbalie.org\/index.php?rest_route=\/wp\/v2\/pages\/1044\/revisions\/1282"}],"wp:attachment":[{"href":"https:\/\/lherbalie.org\/index.php?rest_route=%2Fwp%2Fv2%2Fmedia&parent=1044"}],"curies":[{"name":"wp","href":"https:\/\/api.w.org\/{rel}","templated":true}]}}